{"id":34,"date":"2014-04-24T12:57:58","date_gmt":"2014-04-24T12:57:58","guid":{"rendered":"http:\/\/wertbegegnung.de\/?page_id=34"},"modified":"2015-03-31T09:21:01","modified_gmt":"2015-03-31T09:21:01","slug":"logotherapie","status":"publish","type":"page","link":"https:\/\/wertbegegnung.de\/?page_id=34","title":{"rendered":"Logotherapie"},"content":{"rendered":"<p align=\"center\"><b><span style=\"text-decoration: underline;\">Logotherapie &#8211; sinnvoll Leben<\/span><\/b><\/p>\n<p style=\"text-align: justify;\">Der Mensch ist mehr als der K\u00f6rper &#8211; sagte Freud und schuf die Psychoanalyse. Und er ist dar\u00fcber hinaus auch Geist, sagt Frankl und schuf die Sinn-Therapie (Logotherapie).<\/p>\n<p style=\"text-align: justify;\">Verstehen Sie sich? F\u00fchlen Sie sich getragen von ihren Werten und frei gegen\u00fcber Anspr\u00fcchen anderer oder Erwartungen an sich selbst? Verstehen sie ihr Leben?<\/p>\n<p style=\"text-align: justify;\">Sich selbst und andere besser verstehen, die eigenen Werte gut sp\u00fcren und von \u00e4u\u00dferlichen Gef\u00fchlen unterscheiden k\u00f6nnen &#8211; meinen \u201eWerten begegnen\u201c.<\/p>\n<p style=\"text-align: justify;\">Um einen Turm zu bauen, brauche ich einen guten Grund (im Doppelsinn des Wortes). Wie nun komme ich dazu?<\/p>\n<p style=\"text-align: justify;\">Wenn es nicht nur ein bisschen besser sein soll, sondern um mich in meiner ganzen Existenz geht, brauche ich mehr als Tricks und Tipps.<\/p>\n<p style=\"text-align: justify;\">Logotherapeutische Beratung schafft durch Begegnung Raum. In der Begegnung nun wird der Mensch erst Mensch (Martin Buber).<\/p>\n","protected":false},"excerpt":{"rendered":"<p>Logotherapie &#8211; sinnvoll Leben Der Mensch ist mehr als der K\u00f6rper &#8211; sagte Freud und schuf die Psychoanalyse. Und er ist dar\u00fcber hinaus auch Geist, sagt Frankl und schuf die Sinn-Therapie (Logotherapie). Verstehen Sie sich? F\u00fchlen Sie sich getragen von &hellip; <a href=\"https:\/\/wertbegegnung.de\/?page_id=34\">Weiterlesen <span class=\"meta-nav\">&rarr;<\/span><\/a><\/p>\n","protected":false},"author":1,"featured_media":0,"parent":0,"menu_order":0,"comment_status":"closed","ping_status":"closed","template":"onecolumn-page.php","meta":{"footnotes":""},"class_list":["post-34","page","type-page","status-publish","hentry"],"_links":{"self":[{"href":"https:\/\/wertbegegnung.de\/index.php?rest_route=\/wp\/v2\/pages\/34","targetHints":{"allow":["GET"]}}],"collection":[{"href":"https:\/\/wertbegegnung.de\/index.php?rest_route=\/wp\/v2\/pages"}],"about":[{"href":"https:\/\/wertbegegnung.de\/index.php?rest_route=\/wp\/v2\/types\/page"}],"author":[{"embeddable":true,"href":"https:\/\/wertbegegnung.de\/index.php?rest_route=\/wp\/v2\/users\/1"}],"replies":[{"embeddable":true,"href":"https:\/\/wertbegegnung.de\/index.php?rest_route=%2Fwp%2Fv2%2Fcomments&post=34"}],"version-history":[{"count":2,"href":"https:\/\/wertbegegnung.de\/index.php?rest_route=\/wp\/v2\/pages\/34\/revisions"}],"predecessor-version":[{"id":105,"href":"https:\/\/wertbegegnung.de\/index.php?rest_route=\/wp\/v2\/pages\/34\/revisions\/105"}],"wp:attachment":[{"href":"https:\/\/wertbegegnung.de\/index.php?rest_route=%2Fwp%2Fv2%2Fmedia&parent=34"}],"curies":[{"name":"wp","href":"https:\/\/api.w.org\/{rel}","templated":true}]}}