{"id":30,"date":"2014-04-24T08:46:07","date_gmt":"2014-04-24T08:46:07","guid":{"rendered":"http:\/\/wertbegegnung.de\/?page_id=30"},"modified":"2015-03-31T09:19:37","modified_gmt":"2015-03-31T09:19:37","slug":"burn-out-als-phaenomen-der-zeit","status":"publish","type":"page","link":"https:\/\/wertbegegnung.de\/?page_id=30","title":{"rendered":"Burn Out"},"content":{"rendered":"<p align=\"center\"><b><span style=\"text-decoration: underline;\">\u201eDas schaff ich schon\u201c &#8211; Burn Out als Ph\u00e4nomen der Zeit<\/span><\/b><\/p>\n<p><i style=\"line-height: 1.5;\">Ein Mensch sagt und ist stolz darauf:<\/i><\/p>\n<p><i>\u201eIch geh\u2018 in meinen Pflichten auf!\u201c<\/i><\/p>\n<p><i>Doch bald darauf, nicht mehr so munter,<\/i><\/p>\n<p><i>geht er in seinen Pflichten unter!<sub> [Eugen Roth]<\/sub><\/i><\/p>\n<p style=\"text-align: justify;\">Wenn nicht ich, wer dann?\u00a0 Es ist so wichtig &#8211; es muss einfach getan werden &#8211; ich muss es tun. F\u00fcr die Familie, die Pflege, daf\u00fcr, Menschen zu helfen oder Anspr\u00fcchen zu gen\u00fcgen &#8211; der Wunsch ist noch da, aber die Kraft nicht.<\/p>\n<p style=\"text-align: justify;\">Sie haben es schon versucht mit etwas mehr Ruhe, besserer Organisation oder ein paar Aktionen weniger &#8211; und doch fehlt die wirkliche Erholung, die Lebensfreude scheint weit weg.<\/p>\n<p style=\"text-align: justify;\">Die Logotherapie ist gerade an dieser Stelle sehr bedeutsam. Victor Frankl hat seine Erkenntnisse besonders in \u00fcberfordernden Lebenssituationen als Antwort gefunden.<\/p>\n<p style=\"text-align: justify;\">Wenn es scheint es g\u00e4be keine Alternative, \u00a0gerade dann kann es helfen sich helfen zu lassen. Auf den \u201eFeldherrenh\u00fcgel\u201c zu steigen und nach dem zu fragen, was ich eigentlich (also ich selbst) wollte und wieder will.<\/p>\n","protected":false},"excerpt":{"rendered":"<p>\u201eDas schaff ich schon\u201c &#8211; Burn Out als Ph\u00e4nomen der Zeit Ein Mensch sagt und ist stolz darauf: \u201eIch geh\u2018 in meinen Pflichten auf!\u201c Doch bald darauf, nicht mehr so munter, geht er in seinen Pflichten unter! [Eugen Roth] Wenn &hellip; <a href=\"https:\/\/wertbegegnung.de\/?page_id=30\">Weiterlesen <span class=\"meta-nav\">&rarr;<\/span><\/a><\/p>\n","protected":false},"author":1,"featured_media":0,"parent":0,"menu_order":0,"comment_status":"closed","ping_status":"open","template":"onecolumn-page.php","meta":{"footnotes":""},"class_list":["post-30","page","type-page","status-publish","hentry"],"_links":{"self":[{"href":"https:\/\/wertbegegnung.de\/index.php?rest_route=\/wp\/v2\/pages\/30","targetHints":{"allow":["GET"]}}],"collection":[{"href":"https:\/\/wertbegegnung.de\/index.php?rest_route=\/wp\/v2\/pages"}],"about":[{"href":"https:\/\/wertbegegnung.de\/index.php?rest_route=\/wp\/v2\/types\/page"}],"author":[{"embeddable":true,"href":"https:\/\/wertbegegnung.de\/index.php?rest_route=\/wp\/v2\/users\/1"}],"replies":[{"embeddable":true,"href":"https:\/\/wertbegegnung.de\/index.php?rest_route=%2Fwp%2Fv2%2Fcomments&post=30"}],"version-history":[{"count":5,"href":"https:\/\/wertbegegnung.de\/index.php?rest_route=\/wp\/v2\/pages\/30\/revisions"}],"predecessor-version":[{"id":108,"href":"https:\/\/wertbegegnung.de\/index.php?rest_route=\/wp\/v2\/pages\/30\/revisions\/108"}],"wp:attachment":[{"href":"https:\/\/wertbegegnung.de\/index.php?rest_route=%2Fwp%2Fv2%2Fmedia&parent=30"}],"curies":[{"name":"wp","href":"https:\/\/api.w.org\/{rel}","templated":true}]}}