{"id":28,"date":"2014-04-24T08:25:11","date_gmt":"2014-04-24T08:25:11","guid":{"rendered":"http:\/\/wertbegegnung.de\/?page_id=28"},"modified":"2015-03-31T09:15:17","modified_gmt":"2015-03-31T09:15:17","slug":"rosen","status":"publish","type":"page","link":"https:\/\/wertbegegnung.de\/?page_id=28","title":{"rendered":"Rosen"},"content":{"rendered":"<p><a href=\"https:\/\/wertbegegnung.de\/wp-content\/uploads\/2014\/04\/Ranft-Kirch-Treppe1.jpg\"><img loading=\"lazy\" decoding=\"async\" class=\" size-medium wp-image-102 alignleft\" src=\"https:\/\/wertbegegnung.de\/wp-content\/uploads\/2014\/04\/Ranft-Kirch-Treppe1-300x260.jpg\" alt=\"Ranft Kirch Treppe\" width=\"300\" height=\"260\" srcset=\"https:\/\/wertbegegnung.de\/wp-content\/uploads\/2014\/04\/Ranft-Kirch-Treppe1-300x260.jpg 300w, https:\/\/wertbegegnung.de\/wp-content\/uploads\/2014\/04\/Ranft-Kirch-Treppe1.jpg 736w\" sizes=\"auto, (max-width: 300px) 100vw, 300px\" \/><\/a><\/p>\n<p>Rosen im Morgentau<\/p>\n<p style=\"text-align: justify;\">Die Rose oben im Bild habe ich an jenem &#8222;Aufstieg zur Freude&#8220; fotografiert. Fl\u00fceli-Ranft. So hei\u00dft der kleine Ort in der Schweiz. Die kleine Kirche war f\u00fcr eine Hochzeit geschm\u00fcckt. Zwei Menschen &#8222;trauen&#8220; sich. Wunderbar.<\/p>\n<p style=\"text-align: justify;\">Rosen als Zeichen des Bundes, der vollendeten Begegnung, des Wertes, der mein Leben bindet und gr\u00fcndet.<\/p>\n<p style=\"text-align: justify;\">An diesem Ort lebte und wirkte der Heilige der Schweiz, Bruder Klaus. Sein Leben ist eine Herausforderung f\u00fcr mich. \u00a0Der kleine Pilgerweg ist mit Steinen ges\u00e4umt, die diese &#8222;heilige Beunruhigung&#8220; weiter wecken. Nichts f\u00fcr schnelle Urteile.<\/p>\n","protected":false},"excerpt":{"rendered":"<p>Rosen im Morgentau Die Rose oben im Bild habe ich an jenem &#8222;Aufstieg zur Freude&#8220; fotografiert. Fl\u00fceli-Ranft. So hei\u00dft der kleine Ort in der Schweiz. Die kleine Kirche war f\u00fcr eine Hochzeit geschm\u00fcckt. Zwei Menschen &#8222;trauen&#8220; sich. Wunderbar. Rosen als &hellip; <a href=\"https:\/\/wertbegegnung.de\/?page_id=28\">Weiterlesen <span class=\"meta-nav\">&rarr;<\/span><\/a><\/p>\n","protected":false},"author":1,"featured_media":100,"parent":0,"menu_order":0,"comment_status":"closed","ping_status":"open","template":"onecolumn-page.php","meta":{"footnotes":""},"class_list":["post-28","page","type-page","status-publish","has-post-thumbnail","hentry"],"_links":{"self":[{"href":"https:\/\/wertbegegnung.de\/index.php?rest_route=\/wp\/v2\/pages\/28","targetHints":{"allow":["GET"]}}],"collection":[{"href":"https:\/\/wertbegegnung.de\/index.php?rest_route=\/wp\/v2\/pages"}],"about":[{"href":"https:\/\/wertbegegnung.de\/index.php?rest_route=\/wp\/v2\/types\/page"}],"author":[{"embeddable":true,"href":"https:\/\/wertbegegnung.de\/index.php?rest_route=\/wp\/v2\/users\/1"}],"replies":[{"embeddable":true,"href":"https:\/\/wertbegegnung.de\/index.php?rest_route=%2Fwp%2Fv2%2Fcomments&post=28"}],"version-history":[{"count":5,"href":"https:\/\/wertbegegnung.de\/index.php?rest_route=\/wp\/v2\/pages\/28\/revisions"}],"predecessor-version":[{"id":106,"href":"https:\/\/wertbegegnung.de\/index.php?rest_route=\/wp\/v2\/pages\/28\/revisions\/106"}],"wp:featuredmedia":[{"embeddable":true,"href":"https:\/\/wertbegegnung.de\/index.php?rest_route=\/wp\/v2\/media\/100"}],"wp:attachment":[{"href":"https:\/\/wertbegegnung.de\/index.php?rest_route=%2Fwp%2Fv2%2Fmedia&parent=28"}],"curies":[{"name":"wp","href":"https:\/\/api.w.org\/{rel}","templated":true}]}}