{"id":16,"date":"2014-03-27T17:40:49","date_gmt":"2014-03-27T17:40:49","guid":{"rendered":"http:\/\/wertbegegnung.de\/?page_id=16"},"modified":"2022-08-20T15:04:44","modified_gmt":"2022-08-20T15:04:44","slug":"ueber-mich","status":"publish","type":"page","link":"https:\/\/wertbegegnung.de\/?page_id=16","title":{"rendered":"..\u00fcber mich \/ Impressum"},"content":{"rendered":"<p><a href=\"https:\/\/wertbegegnung.de\/wp-content\/uploads\/2014\/03\/2004-Tastungen-klein.jpg\"><img loading=\"lazy\" decoding=\"async\" class=\"alignnone size-full wp-image-53\" src=\"https:\/\/wertbegegnung.de\/wp-content\/uploads\/2014\/03\/2004-Tastungen-klein.jpg\" alt=\"2004 Tastungen klein\" width=\"170\" height=\"182\" \/><\/a><\/p>\n<p>Ich, \u00a0Andreas Braun, wohne nun seit Sommer 2015 in der Nordheide &#8211; genauer in Holm-Seppensen bei Buchholz.<\/p>\n<p style=\"text-align: justify;\">Das Thema Begegnung besch\u00e4ftigt mich schon seit Jahren, nein, seit Jahrzehnten. Martin Buber war dabei wesentlich &#8211; aber noch mehr die Erfahrung, dass das Christ sein keine Theorie ist, sondern dass es eben um Begegnung geht.<\/p>\n<p style=\"text-align: justify;\">In meiner Ausbildung zum Seelsorger (vor ca 20 Jahren) war es die <em>Kognitive Seelsorge<\/em>, die pr\u00e4gend war. Was denke ich, was denke ich \u00fcber mich selbst, was halte ich f\u00fcr wahr und wie entfalte ich diese Wahrheit in meinem Denken und damit in meinem Leben. Die Bedeutung des Begriffes <em>Logos<\/em> als<em> das Wort<\/em> ist dabei grundlegend.<\/p>\n<p style=\"text-align: justify;\">Das Erkunden des aktuellen Standes der Psychologie, hier besonders der Hirnforschung, brachte die gro\u00dfe Frage nach der \u00a0Willensfreiheit in den Vordergrund.\u00a0Ist der Mensch frei?<\/p>\n<p style=\"text-align: justify;\">Nur dort, wo ich frei bin, bin ich auch verantwortlich. Es gilt also zu trennen, nach dem wo ich unfrei bin &#8211; dort brauche ich keine Kraft investieren &#8211; und nach dem Raum der Freiheit, den ich zu verantworten habe. In den Zw\u00e4ngen des Lebens bin ich letztlich nicht verantwortlich. Aber &#8211; gibt es \u00fcberhaupt einen Raum der Freiheit? Gibt es zwischen dem Reiz und der Reaktion (Pawlow) einen Raum? Und wenn ja, kann ich diesen vergr\u00f6\u00dfern? Und wie?<\/p>\n<p style=\"text-align: justify;\">Einer der wenigen Protagonisten f\u00fcr die Position, dass es Freiheit gibt, ist Victor Frankl. Frankl kann glaubhaft belegen, dass es diesen Raum gibt &#8211; bis hin zu den extremsten \u00e4u\u00dferen Einengungen die diesen Raum vernichten wollen (Frankl hat etwa zwei Jahre im KZ verbracht).<\/p>\n<p style=\"text-align: justify;\">Sein Menschenbild best\u00e4tigte das, was ich in mir selbst vorgefunden habe. Eine leise, teils versch\u00fcttete Ahnung, eine Sehnsucht nach Freiheit, Freiheit trotz gewisser Umst\u00e4nde und Zw\u00e4nge.<\/p>\n<p style=\"text-align: justify;\">\u00dcber meine Arbeit bei der Krisenintervention (KIT) habe ich Menschen in Situationen angetroffen, die das Leben extrem einschr\u00e4nken. Und gerade dort \u00f6ffnet sich geheimnisvoll deutlich ein Raum der Freiheit. Kaum jemand wagt diesen zu betreten &#8211; es scheint so unangemessen. Aber es bedarf oft nur eines leisen Er<span style=\"text-decoration: underline;\"><em>wartens<\/em><\/span> und Horchens und es \u00f6ffnet sich ein bisher unbekannter Raum.<\/p>\n<p style=\"text-align: justify;\">Das Fragen nach weiterer Begleitung in solcher Situation hat mich letztendlich zur Logotherapie gebracht. Jetzt erlangt noch die weitere Bedeutung des Begriffes<em> Logos<\/em> &#8211; die als <em>der Sinn<\/em> &#8211; seine Bedeutung. Die Freiheit ist nicht eine Freiheit zum Beliebigen sondern zum Sinn-haften.<\/p>\n<p style=\"text-align: justify;\">Heute berate und therapiere ich Menschen in der Weise, wie ich es in meiner Ausbildung bei der GLE-D (Gesellschaft f\u00fcr Logotherapie und Existenzanalyse) gelernt habe. Sehr viel verdanke ich dabei meinem verehrten Lehrer Helmut Dorra.<\/p>\n<p style=\"text-align: justify;\">Weiteres erfolgt hier in K\u00fcrze.<\/p>\n<p style=\"text-align: justify;\">Schreiben Sie mir eine Mail an a.braun@wertbegegnung.de oder rufen mich an unter 04187-900 2999.<\/p>\n<p>Ihr<\/p>\n<p>Andreas Braun<\/p>\n<h3 id=\"headline-7-28\" class=\"ct-headline c-h3 c-heading-dark c-margin-bottom-m\">Impressum<\/h3>\n<h5 id=\"headline-31-28\" class=\"ct-headline c-heading-dark c-margin-bottom-m\">Anbieter im Sinne des \u00a75 TMG:<\/h5>\n<div id=\"text_block-16-28\" class=\"ct-text-block c-text-m c-heading-dark c-margin-bottom-s\"><b>Andreas Braun<\/b><\/div>\n<div class=\"ct-text-block c-text-m c-heading-dark c-margin-bottom-s\">Prachterdiek 12<br \/>\n21244 Buchholz<\/p>\n<p>E-Mail: info@Wertbegegnung.de<\/p>\n<p>Umsatzsteuer-ID: DE 206 92 80 27<\/p>\n<p>Alle Rechte vorbehalten.<\/p>\n<p>Trotz sorgf\u00e4ltiger inhaltlicher Kontrolle \u00fcbernehmen wir keine Haftung f\u00fcr die Inhalte externer Links. F\u00fcr den Inhalt der verlinkten Seiten sind ausschlie\u00dflich deren Betreiber verantwortlich.<\/p>\n<p>Plattform der Europ\u00e4ischen Kommission zur Online-Streitbeilegung (OS) f\u00fcr Verbraucher: https:\/\/ec.europa.eu\/consumers\/odr\/. Ich bin nicht bereit und nicht verpflichtet an einem Streitbeilegungsverfahren vor einer Verbraucherschlichtungsstelle teilzunehmen.<\/p><\/div>\n","protected":false},"excerpt":{"rendered":"<p>Ich, \u00a0Andreas Braun, wohne nun seit Sommer 2015 in der Nordheide &#8211; genauer in Holm-Seppensen bei Buchholz. Das Thema Begegnung besch\u00e4ftigt mich schon seit Jahren, nein, seit Jahrzehnten. Martin Buber war dabei wesentlich &#8211; aber noch mehr die Erfahrung, dass &hellip; <a href=\"https:\/\/wertbegegnung.de\/?page_id=16\">Weiterlesen <span class=\"meta-nav\">&rarr;<\/span><\/a><\/p>\n","protected":false},"author":1,"featured_media":0,"parent":0,"menu_order":0,"comment_status":"closed","ping_status":"open","template":"onecolumn-page.php","meta":{"footnotes":""},"class_list":["post-16","page","type-page","status-publish","hentry"],"_links":{"self":[{"href":"https:\/\/wertbegegnung.de\/index.php?rest_route=\/wp\/v2\/pages\/16","targetHints":{"allow":["GET"]}}],"collection":[{"href":"https:\/\/wertbegegnung.de\/index.php?rest_route=\/wp\/v2\/pages"}],"about":[{"href":"https:\/\/wertbegegnung.de\/index.php?rest_route=\/wp\/v2\/types\/page"}],"author":[{"embeddable":true,"href":"https:\/\/wertbegegnung.de\/index.php?rest_route=\/wp\/v2\/users\/1"}],"replies":[{"embeddable":true,"href":"https:\/\/wertbegegnung.de\/index.php?rest_route=%2Fwp%2Fv2%2Fcomments&post=16"}],"version-history":[{"count":10,"href":"https:\/\/wertbegegnung.de\/index.php?rest_route=\/wp\/v2\/pages\/16\/revisions"}],"predecessor-version":[{"id":134,"href":"https:\/\/wertbegegnung.de\/index.php?rest_route=\/wp\/v2\/pages\/16\/revisions\/134"}],"wp:attachment":[{"href":"https:\/\/wertbegegnung.de\/index.php?rest_route=%2Fwp%2Fv2%2Fmedia&parent=16"}],"curies":[{"name":"wp","href":"https:\/\/api.w.org\/{rel}","templated":true}]}}